{"id":219,"date":"2017-06-18T02:41:29","date_gmt":"2017-06-18T00:41:29","guid":{"rendered":"https:\/\/www.daniundgian.ch\/?page_id=219"},"modified":"2017-06-24T01:15:14","modified_gmt":"2017-06-23T23:15:14","slug":"tanz","status":"publish","type":"page","link":"https:\/\/www.daniundgian.ch\/?page_id=219","title":{"rendered":"Tanz mit Gian Alainowitsch &#038; Dani Kurtowitsch"},"content":{"rendered":"<p>Es mag von aussen etwas verwirrend sein. Russland ist eine ganz grosse Liebe von uns beiden. Oder anders gesagt:<br \/>\nGrosses Land &#8211; Grosse Liebe &#8211; Grosses Leiden. Denn einfach machen es einem Herr Putin und die 7 Zwerge (so die Aussage von Anna, unserer Freundin aus Moskau) im Moment wirklich nicht, das Land zu m\u00f6gen. Dennoch bleiben wir fasziniert von dieser unerh\u00f6rten Weite, von der Freundlichkeit der Menschen, wenn man sie kennenlernt, von der rauen Schale und dem weichen Kern. Aber auch von dem Ungest\u00fcmen und Wilden. Nein &#8211; Einfach wird das nie mit Russland. Gerade auch weil es einem trotz allem nicht los l\u00e4sst.<\/p>\n<p>Wir glauben behaupten zu d\u00fcrfen, zu den besten Kennern der Russischen Massen-Tanz-Musik in der Schweiz zu z\u00e4hlen. Die Musikindustrie des Riesenlandes kennt Superstars, Sternchen und Fame wie in Amerika. Mit dem Unterschied, dass man hierzulande kaum jemanden davon kennt. Die Studios produzieren billige Massenware und Videos mit Epos und Bombast. Dies alles ist der Soundtrack von 9 Zeitzonen. Laut, Billig, Opulent, Kitschig, Drama und viele \u00fcbertrieben sch\u00f6ne Frauen und M\u00e4nner.<\/p>\n<p>Nat\u00fcrlich wollen wir, dass Ihr auf der Tanzfl\u00e4che gut abgeholt werdet. Der DJ wird viel hierzulande Bekanntes und Zug\u00e4ngliches spielen. Aber wir haben ihm ein paar russische Tanzkracher der letzen 5 Jahre in die Playlist geschmuggelt. Damit ihr schon mal \u00fcben und Euch dann mit uns an unserem kleinen &#8222;Special Interest&#8220; freuen k\u00f6nnt, hier die Links zu den Songs &amp; Videos.<\/p>\n<p>\u0422\u0430\u043d\u0446\u0435\u0432\u0430\u0442\u044c! Tanzewaz!<\/p>\n<p><em>Wir weisen darauf hin, dass einzelne Videos die Grenzen dessen, was man als man pers\u00f6nlich noch als guten Geschmack bezeichnen w\u00fcrde, \u00fcberschreiten k\u00f6nnen. Es ist wild und laut, dieses Russland. Und so sind teilweise die Videos. Alles nicht ganz ernst gemeint und \u00fcbertrieben.<\/em><\/p>\n<p><a href=\"https:\/\/youtu.be\/gi2bpWie3k4\">Dima Bilan &amp; Ian Sommerhalder &#8211; Slepaja Ljubov (Blinde Liebe)<\/a><\/p>\n<p><a href=\"https:\/\/youtu.be\/T75dnwWFM6c\">Serebro &#8211; Mama Ljuba<\/a><\/p>\n<p><a href=\"https:\/\/youtu.be\/SYAf3JEB7Xc\">Natalie &#8211; O Boshe Kakoj Mushina (Oh Gott was f\u00fcr ein Mann!)<\/a><\/p>\n<p><a href=\"https:\/\/youtu.be\/ZAAG9x6lirE\">Vintash &#8211; Na Na Na<\/a><\/p>\n<p><a href=\"https:\/\/youtu.be\/AT57B4qfdIM\">Svetlana Loboda &#8211; Para Domoi (Ich muss nach Hause)<\/a><\/p>\n<p><a href=\"https:\/\/youtu.be\/ZXzV7Z2DH1E\">Via Gra &#8211; DISKO<\/a><\/p>\n<p><a href=\"https:\/\/youtu.be\/3Kh9BVg5O4w\">Maks Barskich &#8211; Dance<\/a><\/p>\n<p><a href=\"https:\/\/youtu.be\/SXeV-vtw8uA\">Polina Gagarina &#8211; Spektakl Akontshen (Die Show ist vorbei)<\/a><\/p>\n<p><a href=\"https:\/\/youtu.be\/CesSdyftWSg\">Bianka &#8211; Musika<\/a><\/p>\n<p><a href=\"https:\/\/youtu.be\/e94dst20C9Y\">Sergej Lazarev &#8211; You&#8217;re the Only One. Der eigentlich klare Sieger des ESC 2016, h\u00e4tte sich der Zar nicht die Krim geholt&#8230;<\/a><\/p>\n<p>&nbsp;<\/p>\n<p>&nbsp;<\/p>\n<p>&nbsp;<\/p>\n","protected":false},"excerpt":{"rendered":"<p>Es mag von aussen etwas verwirrend sein. Russland ist eine ganz grosse Liebe von uns beiden. Oder anders gesagt: Grosses Land &#8211; Grosse Liebe &#8211; Grosses Leiden. Denn einfach machen es einem Herr Putin und die 7 Zwerge (so die Aussage von Anna, unserer Freundin aus Moskau) im Moment wirklich nicht, das Land zu m\u00f6gen. [&hellip;]<\/p>\n","protected":false},"author":1,"featured_media":265,"parent":0,"menu_order":0,"comment_status":"closed","ping_status":"closed","template":"","meta":{"jetpack_post_was_ever_published":false,"footnotes":""},"class_list":["post-219","page","type-page","status-publish","has-post-thumbnail","hentry"],"jetpack_shortlink":"https:\/\/wp.me\/P8uDwn-3x","jetpack_sharing_enabled":true,"_links":{"self":[{"href":"https:\/\/www.daniundgian.ch\/index.php?rest_route=\/wp\/v2\/pages\/219","targetHints":{"allow":["GET"]}}],"collection":[{"href":"https:\/\/www.daniundgian.ch\/index.php?rest_route=\/wp\/v2\/pages"}],"about":[{"href":"https:\/\/www.daniundgian.ch\/index.php?rest_route=\/wp\/v2\/types\/page"}],"author":[{"embeddable":true,"href":"https:\/\/www.daniundgian.ch\/index.php?rest_route=\/wp\/v2\/users\/1"}],"replies":[{"embeddable":true,"href":"https:\/\/www.daniundgian.ch\/index.php?rest_route=%2Fwp%2Fv2%2Fcomments&post=219"}],"version-history":[{"count":12,"href":"https:\/\/www.daniundgian.ch\/index.php?rest_route=\/wp\/v2\/pages\/219\/revisions"}],"predecessor-version":[{"id":275,"href":"https:\/\/www.daniundgian.ch\/index.php?rest_route=\/wp\/v2\/pages\/219\/revisions\/275"}],"wp:featuredmedia":[{"embeddable":true,"href":"https:\/\/www.daniundgian.ch\/index.php?rest_route=\/wp\/v2\/media\/265"}],"wp:attachment":[{"href":"https:\/\/www.daniundgian.ch\/index.php?rest_route=%2Fwp%2Fv2%2Fmedia&parent=219"}],"curies":[{"name":"wp","href":"https:\/\/api.w.org\/{rel}","templated":true}]}}