{"id":26,"date":"2017-03-11T15:38:08","date_gmt":"2017-03-11T14:38:08","guid":{"rendered":"https:\/\/daniundgian.wgnet.ch\/?page_id=26"},"modified":"2017-06-20T00:06:23","modified_gmt":"2017-06-19T22:06:23","slug":"lieblingsmenschen-feiern-die-infos-zum-fest","status":"publish","type":"page","link":"https:\/\/www.daniundgian.ch\/","title":{"rendered":""},"content":{"rendered":"<h4>Liebe Familien, Freunde, G\u00e4ste.<\/h4>\n<p>Vor einiger Zeit habt Ihr ein d\u00fcrres \u201eSave the Date\u201c von uns erhalten. Seither sind einige Tag in die Lande gezogen. H\u00f6chste Zeit also, die Katze, die zwar stets nur halb im Sack war, nun ganz aus Selbigem zu befreien.<\/p>\n<p>Wir beide lassen im August in Z\u00fcrich unsere Partnerschaft eintragen. Wir freuen uns sehr, diesen Schritt am<br \/>\n<strong>Samstag 19. August 2017<\/strong> mit Euch allen ausgiebig zu feiern.<\/p>\n<p>Ist dies nun eine Hochzeit? Wir nennen unser Fest \u201eLieblingsmenschen feiern \u2013 mit Dani und Gian\u201c. Je nach Betonung liest sich der Satz ein wenig anders. Beide Auspr\u00e4gungen gefallen uns aber sehr und beide sollen sie uns alle durch den Abend begleiten. Und so wird unser Abend irgendwie auch Euer Abend sein.<\/p>\n<h3>Es geht los!<\/h3>\n<p>Um 17h<\/p>\n<h3>Wo tanzt der B\u00e4r?<\/h3>\n<p>In der Bananenreiferei an der Pfingstweidstrasse 101<br \/>\nin Z\u00fcrich.<\/p>\n<h3>Wo geht\u2019s lang?<\/h3>\n<ul>\n<li>Mit <strong>Tram 4<\/strong> bis zur <strong>Haltestelle \u201eToni Areal\u201c<\/strong>. Ab dort sind es maximal 3-4 Minuten zu Fuss.<\/li>\n<li>Bei trockenem Wetter l\u00e4sst es sich sehr angenehm in 5-10 Minuten vom <strong>Bahnhof Hardbr\u00fccke<\/strong> der verkehrsfreien Trubinenstrasse entlang zur Bananenreiferei spazieren.<\/li>\n<li>G\u00fcnstige <strong>Parkpl\u00e4tze<\/strong> (CHF 1.50 bis 18h, CHF 0.70 ab 18h) stehen auf dem Dach der Migros Herdern (gleiches Geb\u00e4ude) zur Verf\u00fcgung.<\/li>\n<\/ul>\n<p><strong>Hier geht\u2019s zur \u00dcbersichtskarte:<\/strong><br \/>\n<a href=\"https:\/\/drive.google.com\/open?id=1i7_4aInzqWvfcILqKjVt2QtiqdQ&amp;usp=sharing\">Wege zu Dani &amp; Gian<\/a><\/p>\n<h3>Was anziehen?<\/h3>\n<p>Wir beide werden den Abend sommerlich-elegant gewandet geniessen. Es ist Hochsommer und das Fest ist nicht das Turnerkr\u00e4nzli. F\u00fchlt Euch aber unbedingt <strong>frei<\/strong>, Euch so anzuziehen dass Ihr auch bei hochsommerlichen Temperaturen einen angenehmen Abend geniessen k\u00f6nnt. Die Krawatte darf, wenn sie will, im Schrank verbleiben.<\/p>\n<h3>Kinder<\/h3>\n<p>Kinder sind herzlich willkommen. Es ist uns aber wichtig mitzuteilen, dass es am Fest keine spezielle Kinderbetreuung von unserer Seite geben wird. Das Menu ist eher auf Erwachsene ausgerichtet. Trotzdem wird es am Buffet sicher auch f\u00fcr unsere kleinen G\u00e4ste etwas dabei haben und Platz zum Spielen ist ebenfalls vorhanden &#8211; bei sch\u00f6nem Wetter steht gar eine riesige Terrasse zur Verf\u00fcgung. Am Ende ist es<br \/>\nin erster Linie Eure Entscheidung, ob Ihr den Abend mit oder ohne Eure Kleinen verbringen m\u00f6chtet.<\/p>\n<h3>Polizeistunde:<\/h3>\n<p>Wir <a href=\"https:\/\/www.youtube.com\/watch?v=ZJj6d5QSYaE\"><strong>tanzen<\/strong><\/a> das die W\u00e4nde zittern bis morgens um <strong>4 Uhr<\/strong>. Selbstverst\u00e4ndlich ist es Euch freigestellt auch fr\u00fcher heimzukehren. <strong>Das eigentliche Programm wird um ca. 23.30 enden.<\/strong> Dennoch: Auf das Tanzen (keine Standardt\u00e4nze) und auf den programmfreien Partyteil mit unseren Lieblingsmenschen freuen wir uns ganz besonders. Das ist uns ein kleines <strong>Herzensanliegen<\/strong><\/p>\n<h3>Mitbringen:<\/h3>\n<p>Ein K\u00fcchenmesser!<br \/>\nKeine Angst. Wir planen nicht Grusliges &#8211; ganz im Gegenteil. Und auch brauchen wir nicht dutzende K\u00fcchenmesser f\u00fcr unseren Haushalt. Ihr werdet Euer Messer wieder mit nach Hause nehmen k\u00f6nnen. ?<\/p>\n<h3>Hotline:<\/h3>\n<p>Ihr m\u00f6chtet mit unserem Festkoordinator etwas besprechen? Ihr habt eine Frage, die Ihr nicht direkt an uns richten m\u00f6chtet?<br \/>\nIhr brauch am Tag des Festes dringend einen Ansprechpartner?<br \/>\n<strong>Thomas Sutter<\/strong> steht Euch sehr gerne zur Verf\u00fcgung.<br \/>\nTel. 079 796 00 90<br \/>\nMail: thomas.sutter.zh@gmail.com<\/p>\n<h3>Ja oder nein?<\/h3>\n<p>Wir freuen uns auf eine <strong>R\u00fcckmeldung<\/strong> von Euch ob und mit wie vielen Erwachsenen und Kindern Ihr an unserem Fest teilnehmen m\u00f6chtet, bis am <strong>7. Juli\u00a0<\/strong><strong><a href=\"https:\/\/www.daniundgian.ch\/?page_id=28\">hier an.<\/a><\/strong><\/p>\n<h3>Geschenke<\/h3>\n<p>Wir sind in der ausserordentlich gl\u00fccklichen Situation, eigentlich bereits alles zu besitzen was wir brauchen und auch viel von dem, was wir uns w\u00fcnschen. Zudem ist Dani jemand, den Gegenst\u00e4nde und Besitzt\u00fcmer fast schon nerv\u00f6s machen. Den Schenkfreudigen unter Euch mit diesen Information nat\u00fcrlich nicht geholfen. Daher hier ein paar Worte zur Geschenkauswahl.<\/p>\n<p>Zwei Wochen nach der Feier fahren wir f\u00fcr f\u00fcnf Wochen zu Donald (USA) und zu Justin (Kanada).\u00a0Die weite Welt zu sehen, staunen, Leute kennenlernen, Neues lernen und f\u00fcr sich entdecken, sich im Spiegel anderer (An-)sichten betrachten , Grenzen sp\u00fcren, zusammen unterwegs sein. Das ist eine gemeinsame Faszination und Leidenschaft von uns beiden.<\/p>\n<p>Die USA als Reiseziel haben wir nun Jahre vor uns hergeschoben. Aus verschiedenen Gr\u00fcnden. Das wir nun genau nach der Wahl des bizarrsten Pr\u00e4sidenten der Geschichte der grossen Nation im Westen dort aufkreuzen, passt irgendwie ins Konzept. Wenn auch dies\u00a0so nat\u00fcrlich nicht geplant war: Br\u00fcche und Unebenheiten haben uns immer schon mehr interessiert als die Strasse ohne Fehl und Bodenwellen.<\/p>\n<p>Wenn Ihr uns gerne etwas schenken m\u00f6chtet, dann freuen wir uns riesig \u00fcber einen Beitrag an unsere Reise, welche so kurz nach der Feier durchaus als Kontoschreck bezeichnet werden darf. In der Geschenk-Ecke dieser Webpage findet ihr eine Auswahl von Geschenken, welche direkt mit unserer Reise im Zusammenhang stehen.<\/p>\n<p>Alle Details\u00a0<strong>rund ums Schenken<\/strong>\u00a0und die Geschenkauswahl findet Ihr, wenn Ihr <a href=\"https:\/\/www.daniundgian.ch\/?page_id=27\" target=\"_blank\" rel=\"noopener noreferrer\"><strong>hier klickt.<\/strong><\/a><\/p>\n<h3>Lieblingsmenschen<\/h3>\n<p>Nun wird es, liebe Familien, G\u00e4ste und Freunde, ein wenig kompliziert ?. Oft wurden wir nach dem &#8222;Save the Date&#8220; gefragt: Oh! Eine Hochzeit? Sofort mussten wir nat\u00fcrlich verneinen, denn des Blochers&#8216; Christoph hat ein &#8222;Ja&#8220; auf diese Frage in seiner Zeit als Justizminister bis heute verhindert. Dennoch w\u00e4re es nicht nett, unsern Z\u00f6gern diesbez\u00fcglich dem Herr B. anzulasten. Tats\u00e4chlich, so stellten wir f\u00fcr uns fest, war es gar nicht so einfach, f\u00fcr unser Fest eine gute Schublade mit Anschrift zu finden, die f\u00fcr das passt, was wir vor dem inneren Auge hatten.<\/p>\n<p>Auf jeden Fall, und das ist ganz sicher, feiern wir zusammen \u00a0die Eintragung unserer Partnerschaft. Nach den vielen Jahren, die wir zusammen gelebt und geliebt haben ist uns das ein inniger Wunsch und Herzensanliegen. Wir sagen &#8222;Ja&#8220; zu uns, zu dem was zwischen uns war, dem was ist und zu dem was sein wird. Und das mit grosser Freude und vor unseren Familien und Freunden.<\/p>\n<p>Beim Gedanken, die Choreographie, wie wir sie von vielen sch\u00f6nen Hochzeiten unserer Freunde und \u00a0Familien kennen, auf unser Fest zu \u00fcbertragen, kamen wir aber ein wenig ins Stolpern. Auch Hollywood konnte nicht wirklich helfen. Irgendwie passte das einfach nicht so richtig. Das ist im Kern sehr schwierig zu beschreiben, denn es geht nicht darum, sich abzuheben. Zudem sp\u00fcrten wir, dass uns etwas fehlt, wenn an unserem Abend die Scheinwerfer einzig auf uns gerichtet sein werden. Ja &#8211; das Karussell darf und soll sich am 19. August wegen uns und um uns herum drehen. Aber nicht nur.<\/p>\n<p>Wir glauben, dass das &#8222;Sich Zugewandte&#8220;, wie es zwischen Menschen m\u00f6glich ist eines der h\u00f6chsten G\u00fcter darstellt. Und das ist f\u00fcr uns nicht an eine Beziehungsform gebunden. Nicht an Geschlechter. Nicht an Altersgruppen, nicht an Herkunft oder Hautfarbe. Verbindlichkeit. Freundschaft. Patenschaft, Partnerschaft, Seelenverwandtschaft, Liebe. F\u00fcr einander einstehen, f\u00fcr einen Freund auch morgens um 3 die Extrameile gehen. Das sind Dinge, die uns sehr wichtig sind. Und wir glauben, dass sie den Kern der Menschen ber\u00fchren. Und diesem Kern und diesen so zentralen Dingen wollen wir unseren Abend genau so widmen wie er uns gewidmet ist. Und so wird unser Abend auch zu Eurem Abend.<\/p>\n<p>Einige von Euch haben wir seit L\u00e4ngerem nicht mehr gesehen. Einige von Euch haben fr\u00fchere Abschnitte von uns eng begleitet. Bei einigen von Euch standen Gian oder ich einst mehr im Zentrum als heute, mit anderen sind wir heute sehr eng verbunden. Lieblingsmenschen seid ihr alle. Und Lieblingsmenschen und das, was zwischen ihnen war, ist und sein wird m\u00f6chten wir mit Euch allen Feiern.<\/p>\n<p>Liebe Gr\u00fcsse<br \/>\nGian &amp; Dani<\/p>\n<p>&nbsp;<\/p>\n<p>&nbsp;<\/p>\n","protected":false},"excerpt":{"rendered":"<p>Liebe Familien, Freunde, G\u00e4ste. Vor einiger Zeit habt Ihr ein d\u00fcrres \u201eSave the Date\u201c von uns erhalten. Seither sind einige Tag in die Lande gezogen. H\u00f6chste Zeit also, die Katze, die zwar stets nur halb im Sack war, nun ganz aus Selbigem zu befreien. Wir beide lassen im August in Z\u00fcrich unsere Partnerschaft eintragen. Wir [&hellip;]<\/p>\n","protected":false},"author":1,"featured_media":208,"parent":0,"menu_order":0,"comment_status":"closed","ping_status":"closed","template":"","meta":{"jetpack_post_was_ever_published":false,"footnotes":""},"class_list":["post-26","page","type-page","status-publish","has-post-thumbnail","hentry"],"jetpack_shortlink":"https:\/\/wp.me\/P8uDwn-q","jetpack_sharing_enabled":true,"_links":{"self":[{"href":"https:\/\/www.daniundgian.ch\/index.php?rest_route=\/wp\/v2\/pages\/26","targetHints":{"allow":["GET"]}}],"collection":[{"href":"https:\/\/www.daniundgian.ch\/index.php?rest_route=\/wp\/v2\/pages"}],"about":[{"href":"https:\/\/www.daniundgian.ch\/index.php?rest_route=\/wp\/v2\/types\/page"}],"author":[{"embeddable":true,"href":"https:\/\/www.daniundgian.ch\/index.php?rest_route=\/wp\/v2\/users\/1"}],"replies":[{"embeddable":true,"href":"https:\/\/www.daniundgian.ch\/index.php?rest_route=%2Fwp%2Fv2%2Fcomments&post=26"}],"version-history":[{"count":18,"href":"https:\/\/www.daniundgian.ch\/index.php?rest_route=\/wp\/v2\/pages\/26\/revisions"}],"predecessor-version":[{"id":237,"href":"https:\/\/www.daniundgian.ch\/index.php?rest_route=\/wp\/v2\/pages\/26\/revisions\/237"}],"wp:featuredmedia":[{"embeddable":true,"href":"https:\/\/www.daniundgian.ch\/index.php?rest_route=\/wp\/v2\/media\/208"}],"wp:attachment":[{"href":"https:\/\/www.daniundgian.ch\/index.php?rest_route=%2Fwp%2Fv2%2Fmedia&parent=26"}],"curies":[{"name":"wp","href":"https:\/\/api.w.org\/{rel}","templated":true}]}}